{"id":51,"date":"2025-04-27T18:01:42","date_gmt":"2025-04-27T16:01:42","guid":{"rendered":"https:\/\/www.cervesina.com\/?page_id=51"},"modified":"2025-05-02T17:15:05","modified_gmt":"2025-05-02T15:15:05","slug":"il-circuito-tazio-nuvolari","status":"publish","type":"page","link":"https:\/\/www.cervesina.com\/index.php\/il-circuito-tazio-nuvolari\/","title":{"rendered":"Posizione strategica."},"content":{"rendered":"\n<p><\/p>\n\n\n\n<h2 class=\"wp-block-heading\"><\/h2>\n\n\n\n<p>Sei un appassionato di motori e ami l&#8217;azione? Questa \u00e8 la casa che fa per te!<\/p>\n\n\n\n<p><\/p>\n\n\n\n<p>A soli 5 minuti di distanza puoi trovare il mitico <strong>Circuito Tazio Nuvolari<\/strong> . Inaugurato nel 2014, questo autodromo moderno e tecnicamente stimolante \u00e8 rapidamente diventato un punto di riferimento per gli amanti della velocit\u00e0, i team di corse e le case automobilistiche che cercano un palcoscenico ideale per test e competizioni.<\/p>\n\n\n\n<p><strong>Un Impianto All&#8217;Avanguardia<\/strong><\/p>\n\n\n\n<p>Nato dalla riqualificazione di un&#8217;antica cava di ghiaia per volere dell&#8217;imprenditore Giorgio Traversa, il Circuito Tazio Nuvolari si estende per ben <strong>5260 metri<\/strong>, diventando il secondo circuito pi\u00f9 lungo d&#8217;Italia. La sua versatilit\u00e0 \u00e8 uno dei suoi punti di forza, offrendo ben <strong>cinque diverse configurazioni di tracciato<\/strong>, che possono essere utilizzate anche contemporaneamente per ospitare eventi distinti.<\/p>\n\n\n\n<p><strong>Un Polo di Attrazione per il Territorio<\/strong><\/p>\n\n\n\n<p>Il Circuito Tazio Nuvolari non \u00e8 solo un tempio della velocit\u00e0, ma anche un importante polo di attrazione per il territorio circostante, contribuendo al turismo e all&#8217;economia locale. La sua presenza dinamica e la variet\u00e0 degli eventi che ospita lo rendono una realt\u00e0 vivace e in continua evoluzione.Ma non finisce qui!<\/p>\n\n\n\n<p><\/p>\n\n\n\n<p>A soli 10 km, preparati a sfidare i tuoi amici sulla mitica pista di go-kart <strong>7 Laghi Kart<\/strong> di Castelletto di Branduzzo. <\/p>\n\n\n\n<p><\/p>\n\n\n\n<p>E per un&#8217;esperienza unica nel suo genere, immergiti nell&#8217;atmosfera western del <strong>Cowboy&#8217; Guest Ranch<\/strong> di Voghera, a soli 12 km di distanza.<\/p>\n\n\n\n<p><\/p>\n\n\n\n<p>Se la tua passione \u00e8 il tiro dinamico, il <strong>Conrad Shooting Club<\/strong> di Casei Gerola ti aspetta a soli 13 km.<\/p>\n\n\n\n<p><\/p>\n\n\n\n<p>Ma la comodit\u00e0 non si ferma al divertimento! <\/p>\n\n\n\n<p>Questa casa vanta una posizione strategica invidiabile, con un accesso rapidissimo alle uscite dell&#8217;<strong>autostrada A7<\/strong> e della <strong>A21<\/strong>. Spostarsi sar\u00e0 un gioco da ragazzi, che tu debba raggiungere Milano, Torino o altre destinazioni.<\/p>\n\n\n\n<p><strong>Non perdere l&#8217;occasione di unire la tua passione per l&#8217;avventura con la praticit\u00e0 di una posizione eccezionale!<\/strong><\/p>\n","protected":false},"excerpt":{"rendered":"<p>Sei un appassionato di motori e ami l&#8217;azione? Questa \u00e8 la casa che fa per te! A soli 5 minuti di distanza puoi trovare il mitico Circuito Tazio Nuvolari . Inaugurato nel 2014, questo autodromo moderno e tecnicamente stimolante \u00e8 rapidamente diventato un punto di riferimento per gli amanti della velocit\u00e0, i team di corse [&hellip;]<\/p>\n","protected":false},"author":1,"featured_media":0,"parent":0,"menu_order":6,"comment_status":"closed","ping_status":"closed","template":"","meta":{"footnotes":""},"class_list":["post-51","page","type-page","status-publish","hentry"],"_links":{"self":[{"href":"https:\/\/www.cervesina.com\/index.php\/wp-json\/wp\/v2\/pages\/51","targetHints":{"allow":["GET"]}}],"collection":[{"href":"https:\/\/www.cervesina.com\/index.php\/wp-json\/wp\/v2\/pages"}],"about":[{"href":"https:\/\/www.cervesina.com\/index.php\/wp-json\/wp\/v2\/types\/page"}],"author":[{"embeddable":true,"href":"https:\/\/www.cervesina.com\/index.php\/wp-json\/wp\/v2\/users\/1"}],"replies":[{"embeddable":true,"href":"https:\/\/www.cervesina.com\/index.php\/wp-json\/wp\/v2\/comments?post=51"}],"version-history":[{"count":6,"href":"https:\/\/www.cervesina.com\/index.php\/wp-json\/wp\/v2\/pages\/51\/revisions"}],"predecessor-version":[{"id":137,"href":"https:\/\/www.cervesina.com\/index.php\/wp-json\/wp\/v2\/pages\/51\/revisions\/137"}],"wp:attachment":[{"href":"https:\/\/www.cervesina.com\/index.php\/wp-json\/wp\/v2\/media?parent=51"}],"curies":[{"name":"wp","href":"https:\/\/api.w.org\/{rel}","templated":true}]}}